{"id":6896,"date":"2023-09-05T10:23:17","date_gmt":"2023-09-05T08:23:17","guid":{"rendered":"http:\/\/clinicadentalrojo.demo.comercios-online.com\/clinica\/"},"modified":"2023-10-02T15:13:01","modified_gmt":"2023-10-02T13:13:01","slug":"clinica","status":"publish","type":"page","link":"http:\/\/clinicadentalrojo.demo.comercios-online.com\/ca\/clinica\/","title":{"rendered":"Cl\u00ednica"},"content":{"rendered":"<section class=\"wpb-content-wrapper\">[vc_row][vc_column css=&#8221;.vc_custom_1481917776941{padding-top: 0px !important;}&#8221;][vc_empty_space height=&#8221;70px&#8221; el_class=&#8221;arg-spacer&#8221;][vc_row_inner content_placement=&#8221;middle&#8221; el_class=&#8221;heading-block-wrapper&#8221;][vc_column_inner width=&#8221;5\/12&#8243;][vc_custom_heading text=&#8221;Tractaments<br \/>\nde m\u00e0xima eficacia&#8221; font_container=&#8221;tag:h2|text_align:left|color:%23405978&#8243; use_theme_fonts=&#8221;yes&#8221; el_class=&#8221;heading-block-title mb-sm-20&#8243;][\/vc_column_inner][vc_column_inner width=&#8221;7\/12&#8243;][vc_column_text el_class=&#8221;heading-block-subtitle&#8221;]El nostre sistema de treball consisteix a oferir tractaments de la m\u00e9s alta qualitat buscant resultats excel\u00b7lents a llarg termini. Oferim solucions biol\u00f2giques, funcionals i est\u00e8ticament \u00f2ptimes en tots els casos, des dels m\u00e9s senzills als m\u00e9s complexos.[\/vc_column_text][\/vc_column_inner][\/vc_row_inner][vc_empty_space height=&#8221;70px&#8221;][\/vc_column][\/vc_row][vc_row full_width=&#8221;stretch_row&#8221; css=&#8221;.vc_custom_1693907884025{background-color: #e4e8eb !important;}&#8221; el_class=&#8221;healthcenter-visit-wrapper&#8221;][vc_column css=&#8221;.vc_custom_1481917776941{padding-top: 0px !important;}&#8221;][vc_empty_space height=&#8221;70px&#8221; el_class=&#8221;arg-spacer&#8221;][vc_custom_heading text=&#8221;Com ser\u00e0 la seva primera visita?&#8221; font_container=&#8221;tag:h3|font_size:36px|text_align:left|color:%23ba9569|line_height:45px&#8221; use_theme_fonts=&#8221;yes&#8221;][vc_separator color=&#8221;custom&#8221; border_width=&#8221;2&#8243; accent_color=&#8221;#6d8cb3&#8243;]<div id=\"argenta-custom-69d61532c1ea6\" class=\"icon-box-left\"  >\n\n\t<div class=\"icon-box-image brand-color brand-border-color\">\n\t\t\t\t<img decoding=\"async\" src=\"http:\/\/clinicadentalrojo.demo.comercios-online.com\/wp-content\/uploads\/2023\/09\/cuestionario_salud.svg\" alt=\"Q\u00fcestionari de salut\">\n\t\t\t<\/div>\n\n\t<div class=\"icon-box-wrap-content\">\n\t\t<h3 class=\"title icon-box-title\">Q\u00fcestionari de salut<\/h3>\n\t\t\n\t\t\t\t\n\t\t\t\t\t<p class=\"icon-box-description\">Una vegada estigui en la Cl\u00ednica, li demanarem la seva col\u00b7laboraci\u00f3 per a emplenar un q\u00fcestionari de salut, ja que la boca no \u00e9s un \u00f2rgan a\u00efllat, sin\u00f3 que est\u00e0 \u00edntimament relacionada amb la resta del cos.<\/p>\n\n\t\t\t\t\t<\/div>\n\t\t\n<\/div>\n\n[vc_separator color=&#8221;custom&#8221; border_width=&#8221;2&#8243; accent_color=&#8221;#6d8cb3&#8243;]<div id=\"argenta-custom-69d61532c22cb\" class=\"icon-box-left\"  >\n\n\t<div class=\"icon-box-image brand-color brand-border-color\">\n\t\t\t\t<img decoding=\"async\" src=\"http:\/\/clinicadentalrojo.demo.comercios-online.com\/wp-content\/uploads\/2023\/09\/examen_diagnostico.svg\" alt=\"Examen diagn\u00f2stic\">\n\t\t\t<\/div>\n\n\t<div class=\"icon-box-wrap-content\">\n\t\t<h3 class=\"title icon-box-title\">Examen diagn\u00f2stic<\/h3>\n\t\t\n\t\t\t\t\n\t\t\t\t\t<p class=\"icon-box-description\">Durant la primera visita li realitzarem un examen diagn\u00f2stic complet i detallat de la seva boca, que tamb\u00e9 inclou les articulacions de la mand\u00edbula, teixits tous, genives i dents, aix\u00ed com el seu encaix i oclusi\u00f3. Per a poder dur a terme un bon diagn\u00f2stic, pot ser necessari realitzar un estudi radiol\u00f2gic, fotografies i motlles 3D de la boca.<\/p>\n\n\t\t\t\t\t<\/div>\n\t\t\n<\/div>\n\n[vc_separator color=&#8221;custom&#8221; border_width=&#8221;2&#8243; accent_color=&#8221;#6d8cb3&#8243;]<div id=\"argenta-custom-69d61532c2573\" class=\"icon-box-left\"  >\n\n\t<div class=\"icon-box-image brand-color brand-border-color\">\n\t\t\t\t<img decoding=\"async\" src=\"http:\/\/clinicadentalrojo.demo.comercios-online.com\/wp-content\/uploads\/2023\/09\/plan_tratamiento.svg\" alt=\"Pla de tractament\">\n\t\t\t<\/div>\n\n\t<div class=\"icon-box-wrap-content\">\n\t\t<h3 class=\"title icon-box-title\">Pla de tractament<\/h3>\n\t\t\n\t\t\t\t\n\t\t\t\t\t<p class=\"icon-box-description\">Per a nosaltres \u00e9s molt important que el pacient tingui tota la informaci\u00f3 necess\u00e0ria i que se senti ben at\u00e8s i valorat, a fi d&apos;establir una bona relaci\u00f3 de confian\u00e7a, facilitant d&apos;aquesta manera dur a terme el tractament amb la m\u00e0xima efic\u00e0cia i obtenint resultats predictibles.<\/p>\n\n\t\t\t\t\t<\/div>\n\t\t\n<\/div>\n\n[vc_separator color=&#8221;custom&#8221; border_width=&#8221;2&#8243; accent_color=&#8221;#6d8cb3&#8243; el_class=&#8221;mb-0&#8243;][vc_empty_space height=&#8221;70px&#8221;][\/vc_column][\/vc_row][vc_row el_class=&#8221;healthcenter-philosophy-wrapper&#8221;][vc_column css=&#8221;.vc_custom_1481917776941{padding-top: 0px !important;}&#8221;][vc_empty_space height=&#8221;100px&#8221; el_class=&#8221;arg-spacer&#8221;][vc_row_inner content_placement=&#8221;middle&#8221; el_class=&#8221;healthcenter-philosophy-composed&#8221;][vc_column_inner el_class=&#8221;healthcenter-philosophy-left&#8221; width=&#8221;4\/12&#8243;][vc_custom_heading text=&#8221;La nostra filosofia:<br \/>\n\u201cTractar el m\u00ednim possible, per\u00f2 tant com calgui\u201d&#8221; font_container=&#8221;tag:h3|text_align:left|color:%232f507f&#8221; use_theme_fonts=&#8221;yes&#8221; el_class=&#8221;healthcenter-philosophy-title&#8221;][\/vc_column_inner][vc_column_inner el_class=&#8221;healthcenter-philosophy-right&#8221; width=&#8221;8\/12&#8243;][vc_single_image image=&#8221;6718&#8243; img_size=&#8221;full&#8221; el_class=&#8221;round w-100&#8243;][\/vc_column_inner][\/vc_row_inner][vc_row_inner el_class=&#8221;heading-block-wrapper&#8221; css=&#8221;.vc_custom_1694121722641{margin-bottom: 35px !important;}&#8221;][vc_column_inner width=&#8221;5\/12&#8243;][vc_custom_heading text=&#8221;El nostre sistema de treball \u00e9s oferir tractaments de la m\u00e9s alta qualitat buscant resultats excel\u00b7lents a un cost raonable.&#8221; font_container=&#8221;tag:h4|text_align:left|color:%23ba9569&#8243; use_theme_fonts=&#8221;yes&#8221; el_class=&#8221;healthcenter-philosophy-subtitle mb-sm-30&#8243;][\/vc_column_inner][vc_column_inner width=&#8221;7\/12&#8243;][vc_column_text el_class=&#8221;healthcenter-philosophy-description&#8221;]En la nostra cl\u00ednica busquem cuidar la salut bucodental dels nostres pacients. Per aix\u00f2, enfoquem l&#8217;estudi del cas a buscar solucions amb el millor cost-benefici per a obtenir resultats de llarga durada sense complicacions.<\/p>\n<p>&nbsp;<\/p>\n<p>Donem tamb\u00e9 molta import\u00e0ncia al manteniment de la salut bucodental realitzant controls peri\u00f2dics per a poder fer diagn\u00f2stic preco\u00e7 i prevenci\u00f3 de les diferents patologies bucals.<\/p>\n<p>&nbsp;<\/p>\n<p>Creiem que aquest \u00e9s l&#8217;\u00fanic cam\u00ed per a aconseguir el nostre objectiu: que els nostres pacients mantinguin una excel\u00b7lent salut bucodental, a m\u00e9s d&#8217;una bona est\u00e8tica i funci\u00f3 masticat\u00f2ria al llarg dels anys.<\/p>\n<p>&nbsp;<\/p>\n<p>Els nostres 40 anys d&#8217;experi\u00e8ncia ens avalen.[\/vc_column_text][\/vc_column_inner][\/vc_row_inner][vc_separator color=&#8221;custom&#8221; border_width=&#8221;2&#8243; accent_color=&#8221;#6d8cb3&#8243; el_class=&#8221;mb-0&#8243;][vc_row_inner content_placement=&#8221;middle&#8221; el_class=&#8221;heading-block-wrapper&#8221; css=&#8221;.vc_custom_1694121488709{margin-top: 35px !important;margin-bottom: 35px !important;}&#8221;][vc_column_inner width=&#8221;5\/12&#8243;]<div id=\"argenta-custom-69d61532c280d\" class=\"icon-box-left healthcenter-philosophy-warranty\"  >\n\n\t<div class=\"icon-box-image brand-color brand-border-color\">\n\t\t\t\t<img decoding=\"async\" src=\"http:\/\/clinicadentalrojo.demo.comercios-online.com\/wp-content\/uploads\/2023\/09\/arrow-right.svg\" alt=\"2 anys de garantia\">\n\t\t\t<\/div>\n\n\t<div class=\"icon-box-wrap-content\">\n\t\t<h3 class=\"title icon-box-title\">2 anys de garantia<\/h3>\n\t\t\n\t\t\t\t\n\t\t\t\t\t<p class=\"icon-box-description\"><\/p>\n\n\t\t\t\t\t<\/div>\n\t\t\n<\/div>\n\n[\/vc_column_inner][vc_column_inner width=&#8221;7\/12&#8243;][vc_column_text el_class=&#8221;healthcenter-philosophy-description&#8221;]Tots els nostres tractaments tenen 2 anys de garantia. A m\u00e9s, podem facilitar-li finan\u00e7ament, si li \u00e9s m\u00e9s c\u00f2mode.[\/vc_column_text][\/vc_column_inner][\/vc_row_inner][vc_separator color=&#8221;custom&#8221; border_width=&#8221;2&#8243; accent_color=&#8221;#6d8cb3&#8243; el_class=&#8221;mb-0&#8243;][vc_empty_space height=&#8221;90px&#8221;][\/vc_column][\/vc_row][vc_row full_width=&#8221;stretch_row_content_no_spaces&#8221; content_placement=&#8221;middle&#8221; el_class=&#8221;healthcenter-parking-wrapper&#8221;][vc_column css=&#8221;.vc_custom_1481917776941{padding-top: 0px !important;}&#8221;][vc_row_inner equal_height=&#8221;yes&#8221; content_placement=&#8221;middle&#8221; el_class=&#8221;healthcenter-parking-composed&#8221;][vc_column_inner el_class=&#8221;healthcenter-parking-left&#8221; width=&#8221;1\/2&#8243; css=&#8221;.vc_custom_1694160284435{background-color: #6d8cb3 !important;}&#8221;]<div id=\"argenta-custom-69d61532c2aaf\" class=\"icon-box-left mt-sm-20\"  >\n\n\t<div class=\"icon-box-image brand-color brand-border-color\">\n\t\t\t\t<img decoding=\"async\" src=\"http:\/\/clinicadentalrojo.demo.comercios-online.com\/wp-content\/uploads\/2023\/09\/parking.svg\" alt=\"P\u00e0rquing al costat\">\n\t\t\t<\/div>\n\n\t<div class=\"icon-box-wrap-content\">\n\t\t<h3 class=\"title icon-box-title\">P\u00e0rquing al costat<\/h3>\n\t\t\n\t\t\t\t\n\t\t\t\t\t<p class=\"icon-box-description\">Carrer Marina, 27<br \/>\nBadalona<\/p>\n\n\t\t\t\t\t<\/div>\n\t\t\n<\/div>\n\n[vc_column_text el_class=&#8221;healthcenter-parking-walking-wrapper&#8221;]<img decoding=\"async\" class=\"size-full wp-image-6147 alignleft\" src=\"http:\/\/clinicadentalrojo.demo.comercios-online.com\/wp-content\/uploads\/2023\/09\/walk.svg\" alt=\"Caminant\"> <a class=\"label-pill\" href=\"https:\/\/maps.app.goo.gl\/mT7i9yhtRWifSLYr7\" target=\"_blank\" rel=\"noopener\" aria-label=\"2 minutos\">2 min<\/a>[\/vc_column_text][vc_column_text el_class=&#8221;healthcenter-parking-other-wrapper&#8221;]<strong>Un altre p\u00e0rquing pr\u00f2xim:<\/strong><br \/>\nParking Saba &#8211; Pla\u00e7a la Plana<\/p>\n<p><strong>Parades m\u00e9s properes:<\/strong><br \/>\nBadalona (tren), Badalona Pompeu Fabra (metro)[\/vc_column_text][\/vc_column_inner][vc_column_inner el_class=&#8221;healthcenter-parking-right&#8221; width=&#8221;1\/2&#8243; css=&#8221;.vc_custom_1694162848404{background-image: url(http:\/\/clinicadentalrojo.demo.comercios-online.com\/wp-content\/uploads\/2023\/09\/clinica-mapa.jpg?id=6148) !important;background-position: center !important;background-repeat: no-repeat !important;background-size: cover !important;}&#8221;][vc_empty_space height=&#8221;370px&#8221;][\/vc_column_inner][\/vc_row_inner][\/vc_column][\/vc_row][vc_row full_width=&#8221;stretch_row_content_no_spaces&#8221; content_placement=&#8221;middle&#8221; el_class=&#8221;healthcenter-moreinfo-wrapper&#8221;][vc_column css=&#8221;.vc_custom_1695806607769{padding-top: 0px !important;}&#8221; el_class=&#8221;p-sm-15&#8243;][vc_empty_space height=&#8221;90px&#8221;]<div id=\"argenta-custom-69d61532c2af8\"  class=\"heading-wrapper text-center\"  >\n\t\n\t<h3 class=\"second-title text-center\">Necessites m\u00e9s informaci\u00f3?<\/h3>\n\n\t\n\t\n\t\t\t<p class=\"subtitle\">Para m\u00e1s informaci\u00f3n, p\u00f3ngase en contacto con nosotros llamando al tel\u00e9fono <strong>933894540<\/strong> o a trav\u00e9s de nuestro formulario de contacto.<\/p>\n\t<\/div>\t\n\n<div class=\"button_wrapper\"  >\n\t\n\t<a href=\"http:\/\/clinicadentalrojo.demo.comercios-online.com\/ca\/contacte\/\" class=\"btn btn-primary mx-auto\">\n\t\t\t\t<span class=\"text\">Contacta'ns<\/span>\n\t\t\t<\/a>\n\t\n<\/div>\n\n[vc_empty_space height=&#8221;90px&#8221;][\/vc_column][\/vc_row]\n<\/section>","protected":false},"excerpt":{"rendered":"<p>[vc_row][vc_column css=&#8221;.vc_custom_1481917776941{padding-top: 0px !important;}&#8221;][vc_empty_space height=&#8221;70px&#8221; el_class=&#8221;arg-spacer&#8221;][vc_row_inner content_placement=&#8221;middle&#8221; el_class=&#8221;heading-block-wrapper&#8221;][vc_column_inner width=&#8221;5\/12&#8243;][vc_custom_heading text=&#8221;Tractaments de m\u00e0xima eficacia&#8221; font_container=&#8221;tag:h2|text_align:left|color:%23405978&#8243; use_theme_fonts=&#8221;yes&#8221; el_class=&#8221;heading-block-title mb-sm-20&#8243;][\/vc_column_inner][vc_column_inner width=&#8221;7\/12&#8243;][vc_column_text el_class=&#8221;heading-block-subtitle&#8221;]El nostre sistema de treball consisteix a oferir tractaments de la m\u00e9s alta qualitat buscant resultats excel\u00b7lents a llarg termini. Oferim solucions biol\u00f2giques, funcionals i est\u00e8ticament \u00f2ptimes en tots els casos, des dels m\u00e9s senzills als m\u00e9s [&hellip;]<\/p>\n","protected":false},"author":1,"featured_media":0,"parent":0,"menu_order":0,"comment_status":"closed","ping_status":"closed","template":"page-templates\/page_without-sidebar.php","meta":{"footnotes":""},"class_list":["post-6896","page","type-page","status-publish","hentry"],"acf":[],"yoast_head":"<!-- This site is optimized with the Yoast SEO plugin v21.2 - https:\/\/yoast.com\/wordpress\/plugins\/seo\/ -->\n<title>Cl\u00ednica - Cl\u00ednica Dental Dr. Rojo<\/title>\n<meta name=\"robots\" content=\"noindex, follow, max-snippet:-1, max-image-preview:large, max-video-preview:-1\" \/>\n<meta property=\"og:locale\" content=\"ca_ES\" \/>\n<meta property=\"og:type\" content=\"article\" \/>\n<meta property=\"og:title\" content=\"Cl\u00ednica - Cl\u00ednica Dental Dr. Rojo\" \/>\n<meta property=\"og:description\" content=\"[vc_row][vc_column css=&#8221;.vc_custom_1481917776941{padding-top: 0px !important;}&#8221;][vc_empty_space height=&#8221;70px&#8221; el_class=&#8221;arg-spacer&#8221;][vc_row_inner content_placement=&#8221;middle&#8221; el_class=&#8221;heading-block-wrapper&#8221;][vc_column_inner width=&#8221;5\/12&#8243;][vc_custom_heading text=&#8221;Tractaments de m\u00e0xima eficacia&#8221; font_container=&#8221;tag:h2|text_align:left|color:%23405978&#8243; use_theme_fonts=&#8221;yes&#8221; el_class=&#8221;heading-block-title mb-sm-20&#8243;][\/vc_column_inner][vc_column_inner width=&#8221;7\/12&#8243;][vc_column_text el_class=&#8221;heading-block-subtitle&#8221;]El nostre sistema de treball consisteix a oferir tractaments de la m\u00e9s alta qualitat buscant resultats excel\u00b7lents a llarg termini. Oferim solucions biol\u00f2giques, funcionals i est\u00e8ticament \u00f2ptimes en tots els casos, des dels m\u00e9s senzills als m\u00e9s [&hellip;]\" \/>\n<meta property=\"og:url\" content=\"http:\/\/clinicadentalrojo.demo.comercios-online.com\/ca\/clinica\/\" \/>\n<meta property=\"og:site_name\" content=\"Cl\u00ednica Dental Dr. Rojo\" \/>\n<meta property=\"article:publisher\" content=\"https:\/\/www.facebook.com\/clinicadentalrojo\/\" \/>\n<meta property=\"article:modified_time\" content=\"2023-10-02T13:13:01+00:00\" \/>\n<meta property=\"og:image\" content=\"http:\/\/clinicadentalrojo.demo.comercios-online.com\/wp-content\/uploads\/2023\/09\/walk.svg\" \/>\n<meta name=\"twitter:card\" content=\"summary_large_image\" \/>\n<meta name=\"twitter:label1\" content=\"Temps estimat de lectura\" \/>\n\t<meta name=\"twitter:data1\" content=\"6 minuts\" \/>\n<script type=\"application\/ld+json\" class=\"yoast-schema-graph\">{\"@context\":\"https:\/\/schema.org\",\"@graph\":[{\"@type\":\"WebPage\",\"@id\":\"http:\/\/clinicadentalrojo.demo.comercios-online.com\/ca\/clinica\/\",\"url\":\"http:\/\/clinicadentalrojo.demo.comercios-online.com\/ca\/clinica\/\",\"name\":\"Cl\u00ednica - Cl\u00ednica Dental Dr. Rojo\",\"isPartOf\":{\"@id\":\"http:\/\/clinicadentalrojo.demo.comercios-online.com\/ca\/#website\"},\"datePublished\":\"2023-09-05T08:23:17+00:00\",\"dateModified\":\"2023-10-02T13:13:01+00:00\",\"breadcrumb\":{\"@id\":\"http:\/\/clinicadentalrojo.demo.comercios-online.com\/ca\/clinica\/#breadcrumb\"},\"inLanguage\":\"ca\",\"potentialAction\":[{\"@type\":\"ReadAction\",\"target\":[\"http:\/\/clinicadentalrojo.demo.comercios-online.com\/ca\/clinica\/\"]}]},{\"@type\":\"BreadcrumbList\",\"@id\":\"http:\/\/clinicadentalrojo.demo.comercios-online.com\/ca\/clinica\/#breadcrumb\",\"itemListElement\":[{\"@type\":\"ListItem\",\"position\":1,\"name\":\"Portada\",\"item\":\"http:\/\/clinicadentalrojo.demo.comercios-online.com\/ca\/\"},{\"@type\":\"ListItem\",\"position\":2,\"name\":\"Cl\u00ednica\"}]},{\"@type\":\"WebSite\",\"@id\":\"http:\/\/clinicadentalrojo.demo.comercios-online.com\/ca\/#website\",\"url\":\"http:\/\/clinicadentalrojo.demo.comercios-online.com\/ca\/\",\"name\":\"Cl\u00ednica Dental Dr. Rojo\",\"description\":\"\",\"publisher\":{\"@id\":\"http:\/\/clinicadentalrojo.demo.comercios-online.com\/ca\/#organization\"},\"potentialAction\":[{\"@type\":\"SearchAction\",\"target\":{\"@type\":\"EntryPoint\",\"urlTemplate\":\"http:\/\/clinicadentalrojo.demo.comercios-online.com\/ca\/?s={search_term_string}\"},\"query-input\":\"required name=search_term_string\"}],\"inLanguage\":\"ca\"},{\"@type\":\"Organization\",\"@id\":\"http:\/\/clinicadentalrojo.demo.comercios-online.com\/ca\/#organization\",\"name\":\"Cl\u00ednica Dental Dr. Rojo\",\"url\":\"http:\/\/clinicadentalrojo.demo.comercios-online.com\/ca\/\",\"logo\":{\"@type\":\"ImageObject\",\"inLanguage\":\"ca\",\"@id\":\"http:\/\/clinicadentalrojo.demo.comercios-online.com\/ca\/#\/schema\/logo\/image\/\",\"url\":\"http:\/\/clinicadentalrojo.demo.comercios-online.com\/wp-content\/uploads\/2023\/08\/logo-mob.png\",\"contentUrl\":\"http:\/\/clinicadentalrojo.demo.comercios-online.com\/wp-content\/uploads\/2023\/08\/logo-mob.png\",\"width\":602,\"height\":160,\"caption\":\"Cl\u00ednica Dental Dr. Rojo\"},\"image\":{\"@id\":\"http:\/\/clinicadentalrojo.demo.comercios-online.com\/ca\/#\/schema\/logo\/image\/\"},\"sameAs\":[\"https:\/\/www.facebook.com\/clinicadentalrojo\/\",\"https:\/\/www.instagram.com\/clinicadentalrojo\/\"]}]}<\/script>\n<!-- \/ Yoast SEO plugin. -->","yoast_head_json":{"title":"Cl\u00ednica - Cl\u00ednica Dental Dr. Rojo","robots":{"index":"noindex","follow":"follow","max-snippet":"max-snippet:-1","max-image-preview":"max-image-preview:large","max-video-preview":"max-video-preview:-1"},"og_locale":"ca_ES","og_type":"article","og_title":"Cl\u00ednica - Cl\u00ednica Dental Dr. Rojo","og_description":"[vc_row][vc_column css=&#8221;.vc_custom_1481917776941{padding-top: 0px !important;}&#8221;][vc_empty_space height=&#8221;70px&#8221; el_class=&#8221;arg-spacer&#8221;][vc_row_inner content_placement=&#8221;middle&#8221; el_class=&#8221;heading-block-wrapper&#8221;][vc_column_inner width=&#8221;5\/12&#8243;][vc_custom_heading text=&#8221;Tractaments de m\u00e0xima eficacia&#8221; font_container=&#8221;tag:h2|text_align:left|color:%23405978&#8243; use_theme_fonts=&#8221;yes&#8221; el_class=&#8221;heading-block-title mb-sm-20&#8243;][\/vc_column_inner][vc_column_inner width=&#8221;7\/12&#8243;][vc_column_text el_class=&#8221;heading-block-subtitle&#8221;]El nostre sistema de treball consisteix a oferir tractaments de la m\u00e9s alta qualitat buscant resultats excel\u00b7lents a llarg termini. Oferim solucions biol\u00f2giques, funcionals i est\u00e8ticament \u00f2ptimes en tots els casos, des dels m\u00e9s senzills als m\u00e9s [&hellip;]","og_url":"http:\/\/clinicadentalrojo.demo.comercios-online.com\/ca\/clinica\/","og_site_name":"Cl\u00ednica Dental Dr. Rojo","article_publisher":"https:\/\/www.facebook.com\/clinicadentalrojo\/","article_modified_time":"2023-10-02T13:13:01+00:00","og_image":[{"url":"http:\/\/clinicadentalrojo.demo.comercios-online.com\/wp-content\/uploads\/2023\/09\/walk.svg"}],"twitter_card":"summary_large_image","twitter_misc":{"Temps estimat de lectura":"6 minuts"},"schema":{"@context":"https:\/\/schema.org","@graph":[{"@type":"WebPage","@id":"http:\/\/clinicadentalrojo.demo.comercios-online.com\/ca\/clinica\/","url":"http:\/\/clinicadentalrojo.demo.comercios-online.com\/ca\/clinica\/","name":"Cl\u00ednica - Cl\u00ednica Dental Dr. Rojo","isPartOf":{"@id":"http:\/\/clinicadentalrojo.demo.comercios-online.com\/ca\/#website"},"datePublished":"2023-09-05T08:23:17+00:00","dateModified":"2023-10-02T13:13:01+00:00","breadcrumb":{"@id":"http:\/\/clinicadentalrojo.demo.comercios-online.com\/ca\/clinica\/#breadcrumb"},"inLanguage":"ca","potentialAction":[{"@type":"ReadAction","target":["http:\/\/clinicadentalrojo.demo.comercios-online.com\/ca\/clinica\/"]}]},{"@type":"BreadcrumbList","@id":"http:\/\/clinicadentalrojo.demo.comercios-online.com\/ca\/clinica\/#breadcrumb","itemListElement":[{"@type":"ListItem","position":1,"name":"Portada","item":"http:\/\/clinicadentalrojo.demo.comercios-online.com\/ca\/"},{"@type":"ListItem","position":2,"name":"Cl\u00ednica"}]},{"@type":"WebSite","@id":"http:\/\/clinicadentalrojo.demo.comercios-online.com\/ca\/#website","url":"http:\/\/clinicadentalrojo.demo.comercios-online.com\/ca\/","name":"Cl\u00ednica Dental Dr. Rojo","description":"","publisher":{"@id":"http:\/\/clinicadentalrojo.demo.comercios-online.com\/ca\/#organization"},"potentialAction":[{"@type":"SearchAction","target":{"@type":"EntryPoint","urlTemplate":"http:\/\/clinicadentalrojo.demo.comercios-online.com\/ca\/?s={search_term_string}"},"query-input":"required name=search_term_string"}],"inLanguage":"ca"},{"@type":"Organization","@id":"http:\/\/clinicadentalrojo.demo.comercios-online.com\/ca\/#organization","name":"Cl\u00ednica Dental Dr. Rojo","url":"http:\/\/clinicadentalrojo.demo.comercios-online.com\/ca\/","logo":{"@type":"ImageObject","inLanguage":"ca","@id":"http:\/\/clinicadentalrojo.demo.comercios-online.com\/ca\/#\/schema\/logo\/image\/","url":"http:\/\/clinicadentalrojo.demo.comercios-online.com\/wp-content\/uploads\/2023\/08\/logo-mob.png","contentUrl":"http:\/\/clinicadentalrojo.demo.comercios-online.com\/wp-content\/uploads\/2023\/08\/logo-mob.png","width":602,"height":160,"caption":"Cl\u00ednica Dental Dr. Rojo"},"image":{"@id":"http:\/\/clinicadentalrojo.demo.comercios-online.com\/ca\/#\/schema\/logo\/image\/"},"sameAs":["https:\/\/www.facebook.com\/clinicadentalrojo\/","https:\/\/www.instagram.com\/clinicadentalrojo\/"]}]}},"_links":{"self":[{"href":"http:\/\/clinicadentalrojo.demo.comercios-online.com\/ca\/wp-json\/wp\/v2\/pages\/6896","targetHints":{"allow":["GET"]}}],"collection":[{"href":"http:\/\/clinicadentalrojo.demo.comercios-online.com\/ca\/wp-json\/wp\/v2\/pages"}],"about":[{"href":"http:\/\/clinicadentalrojo.demo.comercios-online.com\/ca\/wp-json\/wp\/v2\/types\/page"}],"author":[{"embeddable":true,"href":"http:\/\/clinicadentalrojo.demo.comercios-online.com\/ca\/wp-json\/wp\/v2\/users\/1"}],"replies":[{"embeddable":true,"href":"http:\/\/clinicadentalrojo.demo.comercios-online.com\/ca\/wp-json\/wp\/v2\/comments?post=6896"}],"version-history":[{"count":71,"href":"http:\/\/clinicadentalrojo.demo.comercios-online.com\/ca\/wp-json\/wp\/v2\/pages\/6896\/revisions"}],"predecessor-version":[{"id":7363,"href":"http:\/\/clinicadentalrojo.demo.comercios-online.com\/ca\/wp-json\/wp\/v2\/pages\/6896\/revisions\/7363"}],"wp:attachment":[{"href":"http:\/\/clinicadentalrojo.demo.comercios-online.com\/ca\/wp-json\/wp\/v2\/media?parent=6896"}],"curies":[{"name":"wp","href":"https:\/\/api.w.org\/{rel}","templated":true}]}}