{"id":6900,"date":"2023-09-12T13:26:47","date_gmt":"2023-09-12T11:26:47","guid":{"rendered":"http:\/\/clinicadentalrojo.demo.comercios-online.com\/equip\/"},"modified":"2023-10-01T21:06:59","modified_gmt":"2023-10-01T19:06:59","slug":"equip","status":"publish","type":"page","link":"http:\/\/clinicadentalrojo.demo.comercios-online.com\/ca\/equip\/","title":{"rendered":"Equip"},"content":{"rendered":"<section class=\"wpb-content-wrapper\">[vc_row][vc_column css=&#8221;.vc_custom_1481917776941{padding-top: 0px !important;}&#8221;][vc_empty_space height=&#8221;70px&#8221; el_class=&#8221;arg-spacer&#8221;][vc_row_inner content_placement=&#8221;middle&#8221; el_class=&#8221;heading-block-wrapper&#8221;][vc_column_inner width=&#8221;5\/12&#8243;][vc_custom_heading text=&#8221;Et mereixes un gran equip&#8221; font_container=&#8221;tag:h2|text_align:left|color:%23405978&#8243; use_theme_fonts=&#8221;yes&#8221; el_class=&#8221;heading-block-title&#8221;][\/vc_column_inner][vc_column_inner width=&#8221;7\/12&#8243;][vc_column_text el_class=&#8221;heading-block-subtitle&#8221;]Som un equip m\u00e8dic d&#8217;excel\u00b7lents persones humanes altament qualificades (especialistes) que est\u00e0 en constant actualitzaci\u00f3 cientificot\u00e8cnica per a poder aplicar els millors i m\u00e9s innovadors tractaments a cada pacient.[\/vc_column_text][\/vc_column_inner][\/vc_row_inner][vc_empty_space height=&#8221;70px&#8221;][\/vc_column][\/vc_row][vc_row full_width=&#8221;stretch_row&#8221; css=&#8221;.vc_custom_1694604526358{background-color: #e4e8eb !important;}&#8221; el_class=&#8221;team-wrapper&#8221;][vc_column css=&#8221;.vc_custom_1481917776941{padding-top: 0px !important;}&#8221;][vc_empty_space height=&#8221;70px&#8221; el_class=&#8221;arg-spacer&#8221;][vc_custom_heading text=&#8221;Doctors&#8221; font_container=&#8221;tag:h3|font_size:36px|text_align:center|color:%232f507f|line_height:45px&#8221; use_theme_fonts=&#8221;yes&#8221;]<style type=\"text\/css\">.co-pg-69d649490935b .co-pg-item { \n        grid-template-columns: repeat(3, 1fr); \n    }<\/style><div class=\"co-pg co-pg-69d649490935b equipo\"><div class=\"co-pg-item\">\n                        <a href=\"http:\/\/clinicadentalrojo.demo.comercios-online.com\/ca\/equipo\/dr-ernest-rojo-xicart\/\">\n                            <div class=\"co-pg-item-wrapper\">\n                                <div class=\"co-pg-image-wrapper\">\n                                    <img decoding=\"async\" src=\"http:\/\/clinicadentalrojo.demo.comercios-online.com\/wp-content\/uploads\/2023\/09\/dr-ernest-rojo-xicart.jpg\" alt=\"Dr. Ernest Rojo Xicart\" class=\"co-pg-image\">\n                                <\/div>\n                                <div class=\"co-pg-content\">\n                                    <h3 class=\"co-pg-title\">Dr. Ernest Rojo Xicart<\/h3>              <p class=\"co-pg-subtitle\">Director m\u00e8dic<\/p>          <\/div>\n                            <\/div>\n                        <\/a>\n                    <\/div><div class=\"co-pg-item\">\n                        <a href=\"http:\/\/clinicadentalrojo.demo.comercios-online.com\/ca\/equipo\/dra-tamara-mata-naval\/\">\n                            <div class=\"co-pg-item-wrapper\">\n                                <div class=\"co-pg-image-wrapper\">\n                                    <img decoding=\"async\" src=\"http:\/\/clinicadentalrojo.demo.comercios-online.com\/wp-content\/uploads\/2023\/09\/dra-tamara-mata-naval.jpg\" alt=\"Dra. Tamara Mata Naval\" class=\"co-pg-image\">\n                                <\/div>\n                                <div class=\"co-pg-content\">\n                                    <h3 class=\"co-pg-title\">Dra. Tamara Mata Naval<\/h3>              <p class=\"co-pg-subtitle\">Especialista en pr\u00f2tesis est\u00e8tica i cirurgia<\/p>          <\/div>\n                            <\/div>\n                        <\/a>\n                    <\/div><div class=\"co-pg-item\">\n                        <a href=\"http:\/\/clinicadentalrojo.demo.comercios-online.com\/ca\/equipo\/dra-elena-portugal-iglesias\/\">\n                            <div class=\"co-pg-item-wrapper\">\n                                <div class=\"co-pg-image-wrapper\">\n                                    <img decoding=\"async\" src=\"http:\/\/clinicadentalrojo.demo.comercios-online.com\/wp-content\/uploads\/2023\/09\/Draportugal-web.jpg\" alt=\"Dra. Elena Portugal Iglesias\" class=\"co-pg-image\">\n                                <\/div>\n                                <div class=\"co-pg-content\">\n                                    <h3 class=\"co-pg-title\">Dra. Elena Portugal Iglesias<\/h3>              <p class=\"co-pg-subtitle\">Especialista en ortod\u00f2ncia<\/p>          <\/div>\n                            <\/div>\n                        <\/a>\n                    <\/div><div class=\"co-pg-item\">\n                        <a href=\"http:\/\/clinicadentalrojo.demo.comercios-online.com\/ca\/equipo\/dra-gloria-sanchez-pascual\/\">\n                            <div class=\"co-pg-item-wrapper\">\n                                <div class=\"co-pg-image-wrapper\">\n                                    <img decoding=\"async\" src=\"http:\/\/clinicadentalrojo.demo.comercios-online.com\/wp-content\/uploads\/2023\/09\/dra-gloria-sanchez-pascual.jpg\" alt=\"Dra. Gl&ograve;ria S&agrave;nchez Pascual\" class=\"co-pg-image\">\n                                <\/div>\n                                <div class=\"co-pg-content\">\n                                    <h3 class=\"co-pg-title\">Dra. Gl\u00f2ria S\u00e0nchez Pascual<\/h3>              <p class=\"co-pg-subtitle\">Especialista en endod\u00f2ncia i odontologia generalista<\/p>          <\/div>\n                            <\/div>\n                        <\/a>\n                    <\/div><div class=\"co-pg-item\">\n                        <a href=\"http:\/\/clinicadentalrojo.demo.comercios-online.com\/ca\/equipo\/dra-sandra-san-martin-montoya\/\">\n                            <div class=\"co-pg-item-wrapper\">\n                                <div class=\"co-pg-image-wrapper\">\n                                    <img decoding=\"async\" src=\"http:\/\/clinicadentalrojo.demo.comercios-online.com\/wp-content\/uploads\/2023\/09\/dra-sandra-san-martin-montoya.jpg\" alt=\"Dra. Sandra San Mart&iacute;n Montoya\" class=\"co-pg-image\">\n                                <\/div>\n                                <div class=\"co-pg-content\">\n                                    <h3 class=\"co-pg-title\">Dra. Sandra San Mart\u00edn Montoya<\/h3>              <p class=\"co-pg-subtitle\">Especialista en pr\u00f2tesis i est\u00e8tica dental<\/p>          <\/div>\n                            <\/div>\n                        <\/a>\n                    <\/div><div class=\"co-pg-item\">\n                        <a href=\"http:\/\/clinicadentalrojo.demo.comercios-online.com\/ca\/equipo\/dra-lucia-sanz\/\">\n                            <div class=\"co-pg-item-wrapper\">\n                                <div class=\"co-pg-image-wrapper\">\n                                    <img decoding=\"async\" src=\"http:\/\/clinicadentalrojo.demo.comercios-online.com\/wp-content\/uploads\/2023\/09\/Drasanz-web.jpg\" alt=\"Dra. Luc&iacute;a Sanz\" class=\"co-pg-image\">\n                                <\/div>\n                                <div class=\"co-pg-content\">\n                                    <h3 class=\"co-pg-title\">Dra. Luc\u00eda Sanz<\/h3>              <p class=\"co-pg-subtitle\">Especialista en odontopediatria<\/p>          <\/div>\n                            <\/div>\n                        <\/a>\n                    <\/div><div class=\"co-pg-item\">\n                        <a href=\"http:\/\/clinicadentalrojo.demo.comercios-online.com\/ca\/equipo\/dra-cristina-valdueza\/\">\n                            <div class=\"co-pg-item-wrapper\">\n                                <div class=\"co-pg-image-wrapper\">\n                                    <img decoding=\"async\" src=\"http:\/\/clinicadentalrojo.demo.comercios-online.com\/wp-content\/uploads\/2023\/09\/DraValdueza-web.jpg\" alt=\"Dra. Cristina Valdueza\" class=\"co-pg-image\">\n                                <\/div>\n                                <div class=\"co-pg-content\">\n                                    <h3 class=\"co-pg-title\">Dra. Cristina Valdueza<\/h3>              <p class=\"co-pg-subtitle\">Especialista en endod\u00f2ncia<\/p>          <\/div>\n                            <\/div>\n                        <\/a>\n                    <\/div><\/div>[vc_empty_space height=&#8221;70px&#8221;][\/vc_column][\/vc_row]\n<\/section>","protected":false},"excerpt":{"rendered":"<p>[vc_row][vc_column css=&#8221;.vc_custom_1481917776941{padding-top: 0px !important;}&#8221;][vc_empty_space height=&#8221;70px&#8221; el_class=&#8221;arg-spacer&#8221;][vc_row_inner content_placement=&#8221;middle&#8221; el_class=&#8221;heading-block-wrapper&#8221;][vc_column_inner width=&#8221;5\/12&#8243;][vc_custom_heading text=&#8221;Et mereixes un gran equip&#8221; font_container=&#8221;tag:h2|text_align:left|color:%23405978&#8243; use_theme_fonts=&#8221;yes&#8221; el_class=&#8221;heading-block-title&#8221;][\/vc_column_inner][vc_column_inner width=&#8221;7\/12&#8243;][vc_column_text el_class=&#8221;heading-block-subtitle&#8221;]Som un equip m\u00e8dic d&#8217;excel\u00b7lents persones humanes altament qualificades (especialistes) que est\u00e0 en constant actualitzaci\u00f3 cientificot\u00e8cnica per a poder aplicar els millors i m\u00e9s innovadors tractaments a cada pacient.[\/vc_column_text][\/vc_column_inner][\/vc_row_inner][vc_empty_space height=&#8221;70px&#8221;][\/vc_column][\/vc_row][vc_row full_width=&#8221;stretch_row&#8221; css=&#8221;.vc_custom_1694604526358{background-color: #e4e8eb !important;}&#8221; el_class=&#8221;team-wrapper&#8221;][vc_column css=&#8221;.vc_custom_1481917776941{padding-top: 0px [&hellip;]<\/p>\n","protected":false},"author":1,"featured_media":0,"parent":0,"menu_order":0,"comment_status":"closed","ping_status":"closed","template":"page-templates\/page_without-sidebar.php","meta":{"footnotes":""},"class_list":["post-6900","page","type-page","status-publish","hentry"],"acf":[],"yoast_head":"<!-- This site is optimized with the Yoast SEO plugin v21.2 - https:\/\/yoast.com\/wordpress\/plugins\/seo\/ -->\n<title>Equip - Cl\u00ednica Dental Dr. Rojo<\/title>\n<meta name=\"robots\" content=\"noindex, follow, max-snippet:-1, max-image-preview:large, max-video-preview:-1\" \/>\n<meta property=\"og:locale\" content=\"ca_ES\" \/>\n<meta property=\"og:type\" content=\"article\" \/>\n<meta property=\"og:title\" content=\"Equip - Cl\u00ednica Dental Dr. Rojo\" \/>\n<meta property=\"og:description\" content=\"[vc_row][vc_column css=&#8221;.vc_custom_1481917776941{padding-top: 0px !important;}&#8221;][vc_empty_space height=&#8221;70px&#8221; el_class=&#8221;arg-spacer&#8221;][vc_row_inner content_placement=&#8221;middle&#8221; el_class=&#8221;heading-block-wrapper&#8221;][vc_column_inner width=&#8221;5\/12&#8243;][vc_custom_heading text=&#8221;Et mereixes un gran equip&#8221; font_container=&#8221;tag:h2|text_align:left|color:%23405978&#8243; use_theme_fonts=&#8221;yes&#8221; el_class=&#8221;heading-block-title&#8221;][\/vc_column_inner][vc_column_inner width=&#8221;7\/12&#8243;][vc_column_text el_class=&#8221;heading-block-subtitle&#8221;]Som un equip m\u00e8dic d&#8217;excel\u00b7lents persones humanes altament qualificades (especialistes) que est\u00e0 en constant actualitzaci\u00f3 cientificot\u00e8cnica per a poder aplicar els millors i m\u00e9s innovadors tractaments a cada pacient.[\/vc_column_text][\/vc_column_inner][\/vc_row_inner][vc_empty_space height=&#8221;70px&#8221;][\/vc_column][\/vc_row][vc_row full_width=&#8221;stretch_row&#8221; css=&#8221;.vc_custom_1694604526358{background-color: #e4e8eb !important;}&#8221; el_class=&#8221;team-wrapper&#8221;][vc_column css=&#8221;.vc_custom_1481917776941{padding-top: 0px [&hellip;]\" \/>\n<meta property=\"og:url\" content=\"http:\/\/clinicadentalrojo.demo.comercios-online.com\/ca\/equip\/\" \/>\n<meta property=\"og:site_name\" content=\"Cl\u00ednica Dental Dr. Rojo\" \/>\n<meta property=\"article:publisher\" content=\"https:\/\/www.facebook.com\/clinicadentalrojo\/\" \/>\n<meta property=\"article:modified_time\" content=\"2023-10-01T19:06:59+00:00\" \/>\n<meta name=\"twitter:card\" content=\"summary_large_image\" \/>\n<meta name=\"twitter:label1\" content=\"Temps estimat de lectura\" \/>\n\t<meta name=\"twitter:data1\" content=\"1 minut\" \/>\n<script type=\"application\/ld+json\" class=\"yoast-schema-graph\">{\"@context\":\"https:\/\/schema.org\",\"@graph\":[{\"@type\":\"WebPage\",\"@id\":\"http:\/\/clinicadentalrojo.demo.comercios-online.com\/ca\/equip\/\",\"url\":\"http:\/\/clinicadentalrojo.demo.comercios-online.com\/ca\/equip\/\",\"name\":\"Equip - Cl\u00ednica Dental Dr. Rojo\",\"isPartOf\":{\"@id\":\"http:\/\/clinicadentalrojo.demo.comercios-online.com\/ca\/#website\"},\"datePublished\":\"2023-09-12T11:26:47+00:00\",\"dateModified\":\"2023-10-01T19:06:59+00:00\",\"breadcrumb\":{\"@id\":\"http:\/\/clinicadentalrojo.demo.comercios-online.com\/ca\/equip\/#breadcrumb\"},\"inLanguage\":\"ca\",\"potentialAction\":[{\"@type\":\"ReadAction\",\"target\":[\"http:\/\/clinicadentalrojo.demo.comercios-online.com\/ca\/equip\/\"]}]},{\"@type\":\"BreadcrumbList\",\"@id\":\"http:\/\/clinicadentalrojo.demo.comercios-online.com\/ca\/equip\/#breadcrumb\",\"itemListElement\":[{\"@type\":\"ListItem\",\"position\":1,\"name\":\"Portada\",\"item\":\"http:\/\/clinicadentalrojo.demo.comercios-online.com\/ca\/\"},{\"@type\":\"ListItem\",\"position\":2,\"name\":\"Equip\"}]},{\"@type\":\"WebSite\",\"@id\":\"http:\/\/clinicadentalrojo.demo.comercios-online.com\/ca\/#website\",\"url\":\"http:\/\/clinicadentalrojo.demo.comercios-online.com\/ca\/\",\"name\":\"Cl\u00ednica Dental Dr. Rojo\",\"description\":\"\",\"publisher\":{\"@id\":\"http:\/\/clinicadentalrojo.demo.comercios-online.com\/ca\/#organization\"},\"potentialAction\":[{\"@type\":\"SearchAction\",\"target\":{\"@type\":\"EntryPoint\",\"urlTemplate\":\"http:\/\/clinicadentalrojo.demo.comercios-online.com\/ca\/?s={search_term_string}\"},\"query-input\":\"required name=search_term_string\"}],\"inLanguage\":\"ca\"},{\"@type\":\"Organization\",\"@id\":\"http:\/\/clinicadentalrojo.demo.comercios-online.com\/ca\/#organization\",\"name\":\"Cl\u00ednica Dental Dr. Rojo\",\"url\":\"http:\/\/clinicadentalrojo.demo.comercios-online.com\/ca\/\",\"logo\":{\"@type\":\"ImageObject\",\"inLanguage\":\"ca\",\"@id\":\"http:\/\/clinicadentalrojo.demo.comercios-online.com\/ca\/#\/schema\/logo\/image\/\",\"url\":\"http:\/\/clinicadentalrojo.demo.comercios-online.com\/wp-content\/uploads\/2023\/08\/logo-mob.png\",\"contentUrl\":\"http:\/\/clinicadentalrojo.demo.comercios-online.com\/wp-content\/uploads\/2023\/08\/logo-mob.png\",\"width\":602,\"height\":160,\"caption\":\"Cl\u00ednica Dental Dr. Rojo\"},\"image\":{\"@id\":\"http:\/\/clinicadentalrojo.demo.comercios-online.com\/ca\/#\/schema\/logo\/image\/\"},\"sameAs\":[\"https:\/\/www.facebook.com\/clinicadentalrojo\/\",\"https:\/\/www.instagram.com\/clinicadentalrojo\/\"]}]}<\/script>\n<!-- \/ Yoast SEO plugin. -->","yoast_head_json":{"title":"Equip - Cl\u00ednica Dental Dr. Rojo","robots":{"index":"noindex","follow":"follow","max-snippet":"max-snippet:-1","max-image-preview":"max-image-preview:large","max-video-preview":"max-video-preview:-1"},"og_locale":"ca_ES","og_type":"article","og_title":"Equip - Cl\u00ednica Dental Dr. Rojo","og_description":"[vc_row][vc_column css=&#8221;.vc_custom_1481917776941{padding-top: 0px !important;}&#8221;][vc_empty_space height=&#8221;70px&#8221; el_class=&#8221;arg-spacer&#8221;][vc_row_inner content_placement=&#8221;middle&#8221; el_class=&#8221;heading-block-wrapper&#8221;][vc_column_inner width=&#8221;5\/12&#8243;][vc_custom_heading text=&#8221;Et mereixes un gran equip&#8221; font_container=&#8221;tag:h2|text_align:left|color:%23405978&#8243; use_theme_fonts=&#8221;yes&#8221; el_class=&#8221;heading-block-title&#8221;][\/vc_column_inner][vc_column_inner width=&#8221;7\/12&#8243;][vc_column_text el_class=&#8221;heading-block-subtitle&#8221;]Som un equip m\u00e8dic d&#8217;excel\u00b7lents persones humanes altament qualificades (especialistes) que est\u00e0 en constant actualitzaci\u00f3 cientificot\u00e8cnica per a poder aplicar els millors i m\u00e9s innovadors tractaments a cada pacient.[\/vc_column_text][\/vc_column_inner][\/vc_row_inner][vc_empty_space height=&#8221;70px&#8221;][\/vc_column][\/vc_row][vc_row full_width=&#8221;stretch_row&#8221; css=&#8221;.vc_custom_1694604526358{background-color: #e4e8eb !important;}&#8221; el_class=&#8221;team-wrapper&#8221;][vc_column css=&#8221;.vc_custom_1481917776941{padding-top: 0px [&hellip;]","og_url":"http:\/\/clinicadentalrojo.demo.comercios-online.com\/ca\/equip\/","og_site_name":"Cl\u00ednica Dental Dr. Rojo","article_publisher":"https:\/\/www.facebook.com\/clinicadentalrojo\/","article_modified_time":"2023-10-01T19:06:59+00:00","twitter_card":"summary_large_image","twitter_misc":{"Temps estimat de lectura":"1 minut"},"schema":{"@context":"https:\/\/schema.org","@graph":[{"@type":"WebPage","@id":"http:\/\/clinicadentalrojo.demo.comercios-online.com\/ca\/equip\/","url":"http:\/\/clinicadentalrojo.demo.comercios-online.com\/ca\/equip\/","name":"Equip - Cl\u00ednica Dental Dr. Rojo","isPartOf":{"@id":"http:\/\/clinicadentalrojo.demo.comercios-online.com\/ca\/#website"},"datePublished":"2023-09-12T11:26:47+00:00","dateModified":"2023-10-01T19:06:59+00:00","breadcrumb":{"@id":"http:\/\/clinicadentalrojo.demo.comercios-online.com\/ca\/equip\/#breadcrumb"},"inLanguage":"ca","potentialAction":[{"@type":"ReadAction","target":["http:\/\/clinicadentalrojo.demo.comercios-online.com\/ca\/equip\/"]}]},{"@type":"BreadcrumbList","@id":"http:\/\/clinicadentalrojo.demo.comercios-online.com\/ca\/equip\/#breadcrumb","itemListElement":[{"@type":"ListItem","position":1,"name":"Portada","item":"http:\/\/clinicadentalrojo.demo.comercios-online.com\/ca\/"},{"@type":"ListItem","position":2,"name":"Equip"}]},{"@type":"WebSite","@id":"http:\/\/clinicadentalrojo.demo.comercios-online.com\/ca\/#website","url":"http:\/\/clinicadentalrojo.demo.comercios-online.com\/ca\/","name":"Cl\u00ednica Dental Dr. Rojo","description":"","publisher":{"@id":"http:\/\/clinicadentalrojo.demo.comercios-online.com\/ca\/#organization"},"potentialAction":[{"@type":"SearchAction","target":{"@type":"EntryPoint","urlTemplate":"http:\/\/clinicadentalrojo.demo.comercios-online.com\/ca\/?s={search_term_string}"},"query-input":"required name=search_term_string"}],"inLanguage":"ca"},{"@type":"Organization","@id":"http:\/\/clinicadentalrojo.demo.comercios-online.com\/ca\/#organization","name":"Cl\u00ednica Dental Dr. Rojo","url":"http:\/\/clinicadentalrojo.demo.comercios-online.com\/ca\/","logo":{"@type":"ImageObject","inLanguage":"ca","@id":"http:\/\/clinicadentalrojo.demo.comercios-online.com\/ca\/#\/schema\/logo\/image\/","url":"http:\/\/clinicadentalrojo.demo.comercios-online.com\/wp-content\/uploads\/2023\/08\/logo-mob.png","contentUrl":"http:\/\/clinicadentalrojo.demo.comercios-online.com\/wp-content\/uploads\/2023\/08\/logo-mob.png","width":602,"height":160,"caption":"Cl\u00ednica Dental Dr. Rojo"},"image":{"@id":"http:\/\/clinicadentalrojo.demo.comercios-online.com\/ca\/#\/schema\/logo\/image\/"},"sameAs":["https:\/\/www.facebook.com\/clinicadentalrojo\/","https:\/\/www.instagram.com\/clinicadentalrojo\/"]}]}},"_links":{"self":[{"href":"http:\/\/clinicadentalrojo.demo.comercios-online.com\/ca\/wp-json\/wp\/v2\/pages\/6900","targetHints":{"allow":["GET"]}}],"collection":[{"href":"http:\/\/clinicadentalrojo.demo.comercios-online.com\/ca\/wp-json\/wp\/v2\/pages"}],"about":[{"href":"http:\/\/clinicadentalrojo.demo.comercios-online.com\/ca\/wp-json\/wp\/v2\/types\/page"}],"author":[{"embeddable":true,"href":"http:\/\/clinicadentalrojo.demo.comercios-online.com\/ca\/wp-json\/wp\/v2\/users\/1"}],"replies":[{"embeddable":true,"href":"http:\/\/clinicadentalrojo.demo.comercios-online.com\/ca\/wp-json\/wp\/v2\/comments?post=6900"}],"version-history":[{"count":1,"href":"http:\/\/clinicadentalrojo.demo.comercios-online.com\/ca\/wp-json\/wp\/v2\/pages\/6900\/revisions"}],"predecessor-version":[{"id":6901,"href":"http:\/\/clinicadentalrojo.demo.comercios-online.com\/ca\/wp-json\/wp\/v2\/pages\/6900\/revisions\/6901"}],"wp:attachment":[{"href":"http:\/\/clinicadentalrojo.demo.comercios-online.com\/ca\/wp-json\/wp\/v2\/media?parent=6900"}],"curies":[{"name":"wp","href":"https:\/\/api.w.org\/{rel}","templated":true}]}}