{"id":6914,"date":"2023-09-21T23:54:12","date_gmt":"2023-09-21T21:54:12","guid":{"rendered":"http:\/\/clinicadentalrojo.demo.comercios-online.com\/aviso-legal\/"},"modified":"2023-10-01T22:35:15","modified_gmt":"2023-10-01T20:35:15","slug":"avis-legal","status":"publish","type":"page","link":"http:\/\/clinicadentalrojo.demo.comercios-online.com\/ca\/avis-legal\/","title":{"rendered":"Av\u00eds legal"},"content":{"rendered":"<p><strong>\u00daltima actualizaci\u00f3n: 29 de septiembre de 2023<\/strong><\/p>\n<p>Estos T\u00e9rminos de Uso establecen los t\u00e9rminos y condiciones que rigen su acceso y uso del sitio web de la Cl\u00ednica Dental Doctor Rojo (en adelante, el &#8220;Sitio&#8221;), cuya finalidad es proporcionar informaci\u00f3n sobre dicha Cl\u00ednica y sus servicios. Al acceder y utilizar nuestro sitio web y nuestros servicios, acepta cumplir con estos T\u00e9rminos.<\/p>\n<h2><strong>Identidad del titular de la web<\/strong><\/h2>\n<p>La Cl\u00ednica Dental Doctor Rojo es una entidad con los siguientes datos:<\/p>\n<p>NIF: 11198675L<\/p>\n<p>Direcci\u00f3n: Dos de Maig, 23-25, bajos 08912<\/p>\n<p>Tel\u00e9fono: 93 389 45 40<\/p>\n<h2><strong>Uso del sitio web<\/strong><\/h2>\n<p><strong>Contenido del Sitio:<\/strong> el contenido del Sitio se proporciona \u00fanicamente con fines informativos y no constituye asesoramiento profesional ni recomendaciones. No nos hacemos responsables de cualquier error u omisi\u00f3n en el contenido del Sitio.<\/p>\n<p>Al utilizar nuestro sitio web y nuestros servicios, se compromete a hacerlo de manera l\u00edcita y de acuerdo con estos T\u00e9rminos. No podr\u00e1 utilizar nuestro sitio web para actividades ilegales, fraudulentas, difamatorias, invasivas de la privacidad de otros usuarios, o cualquier otra actividad que viole los derechos de terceros.<\/p>\n<p>Asimismo, se proh\u00edbe al usuario las siguientes acciones:<\/p>\n<p>&#8211; Utilizar mecanismos, software o scripts en relaci\u00f3n con la utilizaci\u00f3n del Sitio web.<\/p>\n<p>&#8211; Bloquear, sobrescribir, modificar o copiar, a no ser que ello sea necesario para la correcta utilizaci\u00f3n de los servicios del Sitio. Por ejemplo, el copiado mediante tecnolog\u00edas de buscador tipo \u201cRobot\/Crawler\u201d est\u00e1 prohibido expresamente.<\/p>\n<p>&#8211; Toda acci\u00f3n apta para perjudicar la funcionalidad de la infraestructura del Sitio, especialmente para sobrecargarla.<\/p>\n<h2><strong>Contenido y propiedad intelectual<\/strong><\/h2>\n<p>El usuario reconoce y acepta que todo el contenido presente en nuestro sitio web, incluyendo pero no limitado a textos, gr\u00e1ficos, im\u00e1genes, logotipos, videos, software y cualquier otra informaci\u00f3n o material, est\u00e1 protegido por derechos de propiedad intelectual y le pertenece a la empresa o a sus respectivos propietarios. El usuario no adquiere ning\u00fan derecho de propiedad sobre dicho contenido al utilizar nuestro sitio web o nuestros servicios. El usuario no puede copiar, reproducir, modificar, distribuir, transmitir, exhibir, publicar, vender, licenciar o explotar de ninguna otra forma dicho contenido sin el consentimiento previo necesario.<\/p>\n<h2><strong>Responsabilidad<\/strong><\/h2>\n<p>Nos esforzamos por proporcionar informaci\u00f3n precisa y actualizada en nuestro sitio web, pero no garantizamos la exactitud, integridad o actualidad de la informaci\u00f3n facilitada por terceros.<\/p>\n<p>Cl\u00ednica Dental Doctor Rojo no ser\u00e1 responsable de ning\u00fan da\u00f1o directo, indirecto, incidental, especial o consecuente, incluyendo, entre otros, da\u00f1os por p\u00e9rdida de beneficios, datos, uso o cualquier otra p\u00e9rdida intangible, que surjan del uso o la imposibilidad de uso de nuestro sitio web o nuestros servicios, por datos o informaciones facilitados por terceros.<\/p>\n<h2><strong>Modificaci\u00f3n<\/strong><\/h2>\n<p>Nos reservamos el derecho de modificar, suspender o interrumpir el Sitio o cualquier parte del mismo en cualquier momento y sin previo aviso. Tambi\u00e9n nos reservamos el derecho de modificar estos T\u00e9rminos de Uso en cualquier momento. Te recomendamos revisar peri\u00f3dicamente los T\u00e9rminos de Uso para estar al tanto de cualquier cambio.<\/p>\n<h2><strong>Ley aplicable y jurisdicci\u00f3n<\/strong><\/h2>\n<p>Estos T\u00e9rminos se regir\u00e1n e interpretar\u00e1n de acuerdo con las leyes de Espa\u00f1a. Cualquier disputa relacionada con estos T\u00e9rminos estar\u00e1 sujeta a la jurisdicci\u00f3n exclusiva de los tribunales competentes de Espa\u00f1a.<\/p>\n<p>Si tienes alguna consulta sobre estos T\u00e9rminos, por favor cont\u00e1ctanos a trav\u00e9s de los datos de contacto proporcionados la secci\u00f3n de contacto.<\/p>\n<p>Al utilizar nuestro sitio web y nuestros servicios, confirmas que has le\u00eddo, comprendido y aceptado estos T\u00e9rminos en su totalidad.<\/p>\n<h2><strong>Contacte<\/strong><\/h2>\n<p>Si tiene alguna pregunta o inquietud sobre estos T\u00e9rminos de Uso, no dude en contactarnos a trav\u00e9s de los datos de contacto proporcionados en nuestro sitio web.<\/p>\n","protected":false},"excerpt":{"rendered":"<p>\u00daltima actualizaci\u00f3n: 29 de septiembre de 2023 Estos T\u00e9rminos de Uso establecen los t\u00e9rminos y condiciones que rigen su acceso y uso del sitio web de la Cl\u00ednica Dental Doctor Rojo (en adelante, el &#8220;Sitio&#8221;), cuya finalidad es proporcionar informaci\u00f3n sobre dicha Cl\u00ednica y sus servicios. Al acceder y utilizar nuestro sitio web y nuestros [&hellip;]<\/p>\n","protected":false},"author":1,"featured_media":0,"parent":0,"menu_order":0,"comment_status":"closed","ping_status":"open","template":"page-templates\/page_without-sidebar.php","meta":{"footnotes":""},"class_list":["post-6914","page","type-page","status-publish","hentry"],"acf":[],"yoast_head":"<!-- This site is optimized with the Yoast SEO plugin v21.2 - https:\/\/yoast.com\/wordpress\/plugins\/seo\/ -->\n<title>Av\u00eds legal - Cl\u00ednica Dental Dr. Rojo<\/title>\n<meta name=\"robots\" content=\"noindex, follow, max-snippet:-1, max-image-preview:large, max-video-preview:-1\" \/>\n<meta property=\"og:locale\" content=\"ca_ES\" \/>\n<meta property=\"og:type\" content=\"article\" \/>\n<meta property=\"og:title\" content=\"Av\u00eds legal - Cl\u00ednica Dental Dr. Rojo\" \/>\n<meta property=\"og:description\" content=\"\u00daltima actualizaci\u00f3n: 29 de septiembre de 2023 Estos T\u00e9rminos de Uso establecen los t\u00e9rminos y condiciones que rigen su acceso y uso del sitio web de la Cl\u00ednica Dental Doctor Rojo (en adelante, el &#8220;Sitio&#8221;), cuya finalidad es proporcionar informaci\u00f3n sobre dicha Cl\u00ednica y sus servicios. Al acceder y utilizar nuestro sitio web y nuestros [&hellip;]\" \/>\n<meta property=\"og:url\" content=\"http:\/\/clinicadentalrojo.demo.comercios-online.com\/ca\/avis-legal\/\" \/>\n<meta property=\"og:site_name\" content=\"Cl\u00ednica Dental Dr. Rojo\" \/>\n<meta property=\"article:publisher\" content=\"https:\/\/www.facebook.com\/clinicadentalrojo\/\" \/>\n<meta property=\"article:modified_time\" content=\"2023-10-01T20:35:15+00:00\" \/>\n<meta name=\"twitter:card\" content=\"summary_large_image\" \/>\n<meta name=\"twitter:label1\" content=\"Temps estimat de lectura\" \/>\n\t<meta name=\"twitter:data1\" content=\"3 minuts\" \/>\n<script type=\"application\/ld+json\" class=\"yoast-schema-graph\">{\"@context\":\"https:\/\/schema.org\",\"@graph\":[{\"@type\":\"WebPage\",\"@id\":\"http:\/\/clinicadentalrojo.demo.comercios-online.com\/ca\/avis-legal\/\",\"url\":\"http:\/\/clinicadentalrojo.demo.comercios-online.com\/ca\/avis-legal\/\",\"name\":\"Av\u00eds legal - Cl\u00ednica Dental Dr. Rojo\",\"isPartOf\":{\"@id\":\"http:\/\/clinicadentalrojo.demo.comercios-online.com\/ca\/#website\"},\"datePublished\":\"2023-09-21T21:54:12+00:00\",\"dateModified\":\"2023-10-01T20:35:15+00:00\",\"breadcrumb\":{\"@id\":\"http:\/\/clinicadentalrojo.demo.comercios-online.com\/ca\/avis-legal\/#breadcrumb\"},\"inLanguage\":\"ca\",\"potentialAction\":[{\"@type\":\"ReadAction\",\"target\":[\"http:\/\/clinicadentalrojo.demo.comercios-online.com\/ca\/avis-legal\/\"]}]},{\"@type\":\"BreadcrumbList\",\"@id\":\"http:\/\/clinicadentalrojo.demo.comercios-online.com\/ca\/avis-legal\/#breadcrumb\",\"itemListElement\":[{\"@type\":\"ListItem\",\"position\":1,\"name\":\"Portada\",\"item\":\"http:\/\/clinicadentalrojo.demo.comercios-online.com\/ca\/\"},{\"@type\":\"ListItem\",\"position\":2,\"name\":\"Av\u00eds legal\"}]},{\"@type\":\"WebSite\",\"@id\":\"http:\/\/clinicadentalrojo.demo.comercios-online.com\/ca\/#website\",\"url\":\"http:\/\/clinicadentalrojo.demo.comercios-online.com\/ca\/\",\"name\":\"Cl\u00ednica Dental Dr. Rojo\",\"description\":\"\",\"publisher\":{\"@id\":\"http:\/\/clinicadentalrojo.demo.comercios-online.com\/ca\/#organization\"},\"potentialAction\":[{\"@type\":\"SearchAction\",\"target\":{\"@type\":\"EntryPoint\",\"urlTemplate\":\"http:\/\/clinicadentalrojo.demo.comercios-online.com\/ca\/?s={search_term_string}\"},\"query-input\":\"required name=search_term_string\"}],\"inLanguage\":\"ca\"},{\"@type\":\"Organization\",\"@id\":\"http:\/\/clinicadentalrojo.demo.comercios-online.com\/ca\/#organization\",\"name\":\"Cl\u00ednica Dental Dr. Rojo\",\"url\":\"http:\/\/clinicadentalrojo.demo.comercios-online.com\/ca\/\",\"logo\":{\"@type\":\"ImageObject\",\"inLanguage\":\"ca\",\"@id\":\"http:\/\/clinicadentalrojo.demo.comercios-online.com\/ca\/#\/schema\/logo\/image\/\",\"url\":\"http:\/\/clinicadentalrojo.demo.comercios-online.com\/wp-content\/uploads\/2023\/08\/logo-mob.png\",\"contentUrl\":\"http:\/\/clinicadentalrojo.demo.comercios-online.com\/wp-content\/uploads\/2023\/08\/logo-mob.png\",\"width\":602,\"height\":160,\"caption\":\"Cl\u00ednica Dental Dr. Rojo\"},\"image\":{\"@id\":\"http:\/\/clinicadentalrojo.demo.comercios-online.com\/ca\/#\/schema\/logo\/image\/\"},\"sameAs\":[\"https:\/\/www.facebook.com\/clinicadentalrojo\/\",\"https:\/\/www.instagram.com\/clinicadentalrojo\/\"]}]}<\/script>\n<!-- \/ Yoast SEO plugin. -->","yoast_head_json":{"title":"Av\u00eds legal - Cl\u00ednica Dental Dr. Rojo","robots":{"index":"noindex","follow":"follow","max-snippet":"max-snippet:-1","max-image-preview":"max-image-preview:large","max-video-preview":"max-video-preview:-1"},"og_locale":"ca_ES","og_type":"article","og_title":"Av\u00eds legal - Cl\u00ednica Dental Dr. Rojo","og_description":"\u00daltima actualizaci\u00f3n: 29 de septiembre de 2023 Estos T\u00e9rminos de Uso establecen los t\u00e9rminos y condiciones que rigen su acceso y uso del sitio web de la Cl\u00ednica Dental Doctor Rojo (en adelante, el &#8220;Sitio&#8221;), cuya finalidad es proporcionar informaci\u00f3n sobre dicha Cl\u00ednica y sus servicios. Al acceder y utilizar nuestro sitio web y nuestros [&hellip;]","og_url":"http:\/\/clinicadentalrojo.demo.comercios-online.com\/ca\/avis-legal\/","og_site_name":"Cl\u00ednica Dental Dr. Rojo","article_publisher":"https:\/\/www.facebook.com\/clinicadentalrojo\/","article_modified_time":"2023-10-01T20:35:15+00:00","twitter_card":"summary_large_image","twitter_misc":{"Temps estimat de lectura":"3 minuts"},"schema":{"@context":"https:\/\/schema.org","@graph":[{"@type":"WebPage","@id":"http:\/\/clinicadentalrojo.demo.comercios-online.com\/ca\/avis-legal\/","url":"http:\/\/clinicadentalrojo.demo.comercios-online.com\/ca\/avis-legal\/","name":"Av\u00eds legal - Cl\u00ednica Dental Dr. Rojo","isPartOf":{"@id":"http:\/\/clinicadentalrojo.demo.comercios-online.com\/ca\/#website"},"datePublished":"2023-09-21T21:54:12+00:00","dateModified":"2023-10-01T20:35:15+00:00","breadcrumb":{"@id":"http:\/\/clinicadentalrojo.demo.comercios-online.com\/ca\/avis-legal\/#breadcrumb"},"inLanguage":"ca","potentialAction":[{"@type":"ReadAction","target":["http:\/\/clinicadentalrojo.demo.comercios-online.com\/ca\/avis-legal\/"]}]},{"@type":"BreadcrumbList","@id":"http:\/\/clinicadentalrojo.demo.comercios-online.com\/ca\/avis-legal\/#breadcrumb","itemListElement":[{"@type":"ListItem","position":1,"name":"Portada","item":"http:\/\/clinicadentalrojo.demo.comercios-online.com\/ca\/"},{"@type":"ListItem","position":2,"name":"Av\u00eds legal"}]},{"@type":"WebSite","@id":"http:\/\/clinicadentalrojo.demo.comercios-online.com\/ca\/#website","url":"http:\/\/clinicadentalrojo.demo.comercios-online.com\/ca\/","name":"Cl\u00ednica Dental Dr. Rojo","description":"","publisher":{"@id":"http:\/\/clinicadentalrojo.demo.comercios-online.com\/ca\/#organization"},"potentialAction":[{"@type":"SearchAction","target":{"@type":"EntryPoint","urlTemplate":"http:\/\/clinicadentalrojo.demo.comercios-online.com\/ca\/?s={search_term_string}"},"query-input":"required name=search_term_string"}],"inLanguage":"ca"},{"@type":"Organization","@id":"http:\/\/clinicadentalrojo.demo.comercios-online.com\/ca\/#organization","name":"Cl\u00ednica Dental Dr. Rojo","url":"http:\/\/clinicadentalrojo.demo.comercios-online.com\/ca\/","logo":{"@type":"ImageObject","inLanguage":"ca","@id":"http:\/\/clinicadentalrojo.demo.comercios-online.com\/ca\/#\/schema\/logo\/image\/","url":"http:\/\/clinicadentalrojo.demo.comercios-online.com\/wp-content\/uploads\/2023\/08\/logo-mob.png","contentUrl":"http:\/\/clinicadentalrojo.demo.comercios-online.com\/wp-content\/uploads\/2023\/08\/logo-mob.png","width":602,"height":160,"caption":"Cl\u00ednica Dental Dr. Rojo"},"image":{"@id":"http:\/\/clinicadentalrojo.demo.comercios-online.com\/ca\/#\/schema\/logo\/image\/"},"sameAs":["https:\/\/www.facebook.com\/clinicadentalrojo\/","https:\/\/www.instagram.com\/clinicadentalrojo\/"]}]}},"_links":{"self":[{"href":"http:\/\/clinicadentalrojo.demo.comercios-online.com\/ca\/wp-json\/wp\/v2\/pages\/6914","targetHints":{"allow":["GET"]}}],"collection":[{"href":"http:\/\/clinicadentalrojo.demo.comercios-online.com\/ca\/wp-json\/wp\/v2\/pages"}],"about":[{"href":"http:\/\/clinicadentalrojo.demo.comercios-online.com\/ca\/wp-json\/wp\/v2\/types\/page"}],"author":[{"embeddable":true,"href":"http:\/\/clinicadentalrojo.demo.comercios-online.com\/ca\/wp-json\/wp\/v2\/users\/1"}],"replies":[{"embeddable":true,"href":"http:\/\/clinicadentalrojo.demo.comercios-online.com\/ca\/wp-json\/wp\/v2\/comments?post=6914"}],"version-history":[{"count":1,"href":"http:\/\/clinicadentalrojo.demo.comercios-online.com\/ca\/wp-json\/wp\/v2\/pages\/6914\/revisions"}],"predecessor-version":[{"id":6915,"href":"http:\/\/clinicadentalrojo.demo.comercios-online.com\/ca\/wp-json\/wp\/v2\/pages\/6914\/revisions\/6915"}],"wp:attachment":[{"href":"http:\/\/clinicadentalrojo.demo.comercios-online.com\/ca\/wp-json\/wp\/v2\/media?parent=6914"}],"curies":[{"name":"wp","href":"https:\/\/api.w.org\/{rel}","templated":true}]}}