{"id":6938,"date":"2023-08-21T11:03:50","date_gmt":"2023-08-21T09:03:50","guid":{"rendered":"http:\/\/clinicadentalrojo.demo.comercios-online.com\/privacy-policy\/"},"modified":"2023-10-02T12:10:20","modified_gmt":"2023-10-02T10:10:20","slug":"privacy-policy","status":"publish","type":"page","link":"http:\/\/clinicadentalrojo.demo.comercios-online.com\/en\/privacy-policy\/","title":{"rendered":"Privacy Policy"},"content":{"rendered":"&#13;\n<p><strong>\u00daltima actualizaci\u00f3n: 29 de septiembre de 2023<\/strong><\/p>&#13;\n<p>En la presente Pol\u00edtica de Privacidad se recoge la informaci\u00f3n relativa al tratamiento que lleva a cabo Cl\u00ednica Dental Doctor Rojo, recabados a trav\u00e9s de la p\u00e1gina web. El tratamiento de datos de car\u00e1cter personal, as\u00ed como el env\u00edo de comunicaciones comerciales realizadas por medios electr\u00f3nicos, son conformes al REGLAMENTO (UE) 2016\/679 DEL PARLAMENTO EUROPEO Y DEL CONSEJO, de 27 de abril de 2016, relativo a la protecci\u00f3n de las personas f\u00edsicas en lo que respecta al tratamiento de datos personales y a la libre circulaci\u00f3n de estos datos, a la Ley Org\u00e1nica 3\/2018, de 5 de diciembre, de Protecci\u00f3n de Datos Personales y garant\u00eda de los derechos digitales, y a la normativa de desarrollo.<\/p>&#13;\n<h2 class=\"wp-block-heading\"><strong>Basic information<\/strong><\/h2>&#13;\n<p><strong>Responsable y encargado del tratamiento:<\/strong> Cl\u00ednica Dental Doctor Rojo<\/p>&#13;\n<p><strong>Legitimaci\u00f3n:<\/strong> derivada del art. 6 RGPD.<\/p>&#13;\n<p><strong>Destinatarios:<\/strong> los usuarios de la p\u00e1gina web.<\/p>&#13;\n<p><strong>Ejercicio de derechos:<\/strong> los usuarios podr\u00e1n ejercer los derechos reconocidos en los art\u00edculos 15 a 22 RGPD, directamente o por medio de representante.<\/p>&#13;\n<h2><strong>Controller and processor of the treatment<\/strong><\/h2>&#13;\n<p>Cl\u00ednica Dental Doctor Rojo cumple con la legislaci\u00f3n vigente en materia de protecci\u00f3n de datos de car\u00e1cter personal, y con los compromisos de confidencialidad propios de su actividad. Como responsable y encargado del tratamiento, queda sujeto a las disposiciones del T\u00edtulo V de la LOPD.<\/p>&#13;\n<h2><strong>Treatment description<\/strong><\/h2>&#13;\n<p>Su tratamiento estar\u00e1 enfocado \u00fanicamente a la consecuci\u00f3n de los fines propios de esta p\u00e1gina web, siempre dentro del marco normativo establecido. La legitimidad para tal procesamiento de datos la otorga el consentimiento del usuario.<\/p>&#13;\n<p>En caso de facilitar datos de terceros, el usuario garantiza que estos han sido obtenidos y facilitados previa autorizaci\u00f3n de los titulares, de conformidad con la normativa en materia de protecci\u00f3n de datos. A este respecto, Cl\u00ednica Dental Doctor Rojo se abstiene de cualquier responsabilidad derivada de este tratamiento.<\/p>&#13;\n<p>El usuario confirma y garantiza la veracidad y exactitud de los datos aportados. En este sentido, el usuario se compromete a comunicar cualquier modificaci\u00f3n que se produjera en los mismos.<\/p>&#13;\n<h2><strong>Temporality<\/strong><\/h2>&#13;\n<p>Los datos personales ser\u00e1n conservados durante el tiempo estrictamente necesario para prestar los servicios descritos en el punto anterior.<\/p>&#13;\n<p>Transcurrido dicho plazo y tramitadas todas las acciones necesarias para gestionar y dar por concluida cualquier obligaci\u00f3n que pudiera quedar remanente entre las partes, se proceder\u00e1 a la eliminaci\u00f3n de los datos personales.<\/p>&#13;\n<h2><strong>Data communication<\/strong><\/h2>&#13;\n<p>Si hubiera la obligaci\u00f3n de comunicar sus datos personales a las Autoridades p\u00fablicas, reguladores u \u00f3rganos gubernamentales o jurisdiccionales, en los t\u00e9rminos previstos por la ley, as\u00ed como a terceros proveedores de servicios, Cl\u00ednica Dental Doctor Rojo da cumplimiento a sus obligaciones en materia de protecci\u00f3n de datos.<\/p>&#13;\n<h2><strong>Exercise of rights<\/strong><\/h2>&#13;\n<p>De conformidad con los art\u00edculos 15 a 22 RGPD, el usuario tiene derecho a:<\/p>&#13;\n<p>&#8211; Acceder en todo momento a sus datos personales.<\/p>&#13;\n<p>&#8211; Solicitar la rectificaci\u00f3n de los datos inexactos o que hayan devenido como tales por el tiempo.<\/p>&#13;\n<p>&#8211; Solicitar la limitaci\u00f3n, portabilidad y oposici\u00f3n al tratamiento de sus datos.<\/p>&#13;\n<p>Cuando lo considere oportuno, en el supuesto de que no obtenga una respuesta satisfactoria, podr\u00e1 formular una reclamaci\u00f3n ante a la Agencia Espa\u00f1ola de Protecci\u00f3n de Datos (<a href=\"https:\/\/www.aepd.es\/\">www.aepd.es<\/a> &#8211; C\/ Jorge Juan, 6 de Madrid.)<\/p>&#13;\n<h2><strong>Contact<\/strong><\/h2>&#13;\n<p>En el supuesto de necesitar informaci\u00f3n adicional en relaci\u00f3n con el tratamiento de datos personales, as\u00ed como cuando desee formular cualquier reclamaci\u00f3n en este sentido, no dude en contactarnos a trav\u00e9s de los datos de contacto proporcionados en nuestro sitio web.<\/p>&#13;\n<p>\u00a0<\/p>&#13;\n","protected":false},"excerpt":{"rendered":"<p>&#13; \u00daltima actualizaci\u00f3n: 29 de septiembre de 2023 &#13; En la presente Pol\u00edtica de Privacidad se recoge la informaci\u00f3n relativa al tratamiento que lleva a cabo Cl\u00ednica Dental Doctor Rojo, recabados a trav\u00e9s de la p\u00e1gina web. El tratamiento de datos de car\u00e1cter personal, as\u00ed como el env\u00edo de comunicaciones comerciales realizadas por medios electr\u00f3nicos, [&hellip;]<\/p>\n","protected":false},"author":1,"featured_media":0,"parent":0,"menu_order":0,"comment_status":"closed","ping_status":"open","template":"page-templates\/page_without-sidebar.php","meta":{"footnotes":""},"class_list":["post-6938","page","type-page","status-publish","hentry"],"acf":[],"yoast_head":"<!-- This site is optimized with the Yoast SEO plugin v21.2 - https:\/\/yoast.com\/wordpress\/plugins\/seo\/ -->\n<title>Privacy Policy - Cl\u00ednica Dental Dr. Rojo<\/title>\n<meta name=\"robots\" content=\"noindex, follow, max-snippet:-1, max-image-preview:large, max-video-preview:-1\" \/>\n<meta property=\"og:locale\" content=\"en_US\" \/>\n<meta property=\"og:type\" content=\"article\" \/>\n<meta property=\"og:title\" content=\"Privacy Policy - Cl\u00ednica Dental Dr. Rojo\" \/>\n<meta property=\"og:description\" content=\"&#013; \u00daltima actualizaci\u00f3n: 29 de septiembre de 2023 &#013; En la presente Pol\u00edtica de Privacidad se recoge la informaci\u00f3n relativa al tratamiento que lleva a cabo Cl\u00ednica Dental Doctor Rojo, recabados a trav\u00e9s de la p\u00e1gina web. El tratamiento de datos de car\u00e1cter personal, as\u00ed como el env\u00edo de comunicaciones comerciales realizadas por medios electr\u00f3nicos, [&hellip;]\" \/>\n<meta property=\"og:url\" content=\"http:\/\/clinicadentalrojo.demo.comercios-online.com\/en\/privacy-policy\/\" \/>\n<meta property=\"og:site_name\" content=\"Cl\u00ednica Dental Dr. Rojo\" \/>\n<meta property=\"article:publisher\" content=\"https:\/\/www.facebook.com\/clinicadentalrojo\/\" \/>\n<meta property=\"article:modified_time\" content=\"2023-10-02T10:10:20+00:00\" \/>\n<meta name=\"twitter:card\" content=\"summary_large_image\" \/>\n<meta name=\"twitter:label1\" content=\"Est. reading time\" \/>\n\t<meta name=\"twitter:data1\" content=\"3 minutes\" \/>\n<script type=\"application\/ld+json\" class=\"yoast-schema-graph\">{\"@context\":\"https:\/\/schema.org\",\"@graph\":[{\"@type\":\"WebPage\",\"@id\":\"http:\/\/clinicadentalrojo.demo.comercios-online.com\/en\/privacy-policy\/\",\"url\":\"http:\/\/clinicadentalrojo.demo.comercios-online.com\/en\/privacy-policy\/\",\"name\":\"Privacy Policy - Cl\u00ednica Dental Dr. Rojo\",\"isPartOf\":{\"@id\":\"http:\/\/clinicadentalrojo.demo.comercios-online.com\/en\/#website\"},\"datePublished\":\"2023-08-21T09:03:50+00:00\",\"dateModified\":\"2023-10-02T10:10:20+00:00\",\"breadcrumb\":{\"@id\":\"http:\/\/clinicadentalrojo.demo.comercios-online.com\/en\/privacy-policy\/#breadcrumb\"},\"inLanguage\":\"en-US\",\"potentialAction\":[{\"@type\":\"ReadAction\",\"target\":[\"http:\/\/clinicadentalrojo.demo.comercios-online.com\/en\/privacy-policy\/\"]}]},{\"@type\":\"BreadcrumbList\",\"@id\":\"http:\/\/clinicadentalrojo.demo.comercios-online.com\/en\/privacy-policy\/#breadcrumb\",\"itemListElement\":[{\"@type\":\"ListItem\",\"position\":1,\"name\":\"Portada\",\"item\":\"http:\/\/clinicadentalrojo.demo.comercios-online.com\/en\/\"},{\"@type\":\"ListItem\",\"position\":2,\"name\":\"Privacy Policy\"}]},{\"@type\":\"WebSite\",\"@id\":\"http:\/\/clinicadentalrojo.demo.comercios-online.com\/en\/#website\",\"url\":\"http:\/\/clinicadentalrojo.demo.comercios-online.com\/en\/\",\"name\":\"Cl\u00ednica Dental Dr. Rojo\",\"description\":\"\",\"publisher\":{\"@id\":\"http:\/\/clinicadentalrojo.demo.comercios-online.com\/en\/#organization\"},\"potentialAction\":[{\"@type\":\"SearchAction\",\"target\":{\"@type\":\"EntryPoint\",\"urlTemplate\":\"http:\/\/clinicadentalrojo.demo.comercios-online.com\/en\/?s={search_term_string}\"},\"query-input\":\"required name=search_term_string\"}],\"inLanguage\":\"en-US\"},{\"@type\":\"Organization\",\"@id\":\"http:\/\/clinicadentalrojo.demo.comercios-online.com\/en\/#organization\",\"name\":\"Cl\u00ednica Dental Dr. Rojo\",\"url\":\"http:\/\/clinicadentalrojo.demo.comercios-online.com\/en\/\",\"logo\":{\"@type\":\"ImageObject\",\"inLanguage\":\"en-US\",\"@id\":\"http:\/\/clinicadentalrojo.demo.comercios-online.com\/en\/#\/schema\/logo\/image\/\",\"url\":\"http:\/\/clinicadentalrojo.demo.comercios-online.com\/wp-content\/uploads\/2023\/08\/logo-mob.png\",\"contentUrl\":\"http:\/\/clinicadentalrojo.demo.comercios-online.com\/wp-content\/uploads\/2023\/08\/logo-mob.png\",\"width\":602,\"height\":160,\"caption\":\"Cl\u00ednica Dental Dr. Rojo\"},\"image\":{\"@id\":\"http:\/\/clinicadentalrojo.demo.comercios-online.com\/en\/#\/schema\/logo\/image\/\"},\"sameAs\":[\"https:\/\/www.facebook.com\/clinicadentalrojo\/\",\"https:\/\/www.instagram.com\/clinicadentalrojo\/\"]}]}<\/script>\n<!-- \/ Yoast SEO plugin. -->","yoast_head_json":{"title":"Privacy Policy - Cl\u00ednica Dental Dr. Rojo","robots":{"index":"noindex","follow":"follow","max-snippet":"max-snippet:-1","max-image-preview":"max-image-preview:large","max-video-preview":"max-video-preview:-1"},"og_locale":"en_US","og_type":"article","og_title":"Privacy Policy - Cl\u00ednica Dental Dr. Rojo","og_description":"&#13; \u00daltima actualizaci\u00f3n: 29 de septiembre de 2023 &#13; En la presente Pol\u00edtica de Privacidad se recoge la informaci\u00f3n relativa al tratamiento que lleva a cabo Cl\u00ednica Dental Doctor Rojo, recabados a trav\u00e9s de la p\u00e1gina web. El tratamiento de datos de car\u00e1cter personal, as\u00ed como el env\u00edo de comunicaciones comerciales realizadas por medios electr\u00f3nicos, [&hellip;]","og_url":"http:\/\/clinicadentalrojo.demo.comercios-online.com\/en\/privacy-policy\/","og_site_name":"Cl\u00ednica Dental Dr. Rojo","article_publisher":"https:\/\/www.facebook.com\/clinicadentalrojo\/","article_modified_time":"2023-10-02T10:10:20+00:00","twitter_card":"summary_large_image","twitter_misc":{"Est. reading time":"3 minutes"},"schema":{"@context":"https:\/\/schema.org","@graph":[{"@type":"WebPage","@id":"http:\/\/clinicadentalrojo.demo.comercios-online.com\/en\/privacy-policy\/","url":"http:\/\/clinicadentalrojo.demo.comercios-online.com\/en\/privacy-policy\/","name":"Privacy Policy - Cl\u00ednica Dental Dr. Rojo","isPartOf":{"@id":"http:\/\/clinicadentalrojo.demo.comercios-online.com\/en\/#website"},"datePublished":"2023-08-21T09:03:50+00:00","dateModified":"2023-10-02T10:10:20+00:00","breadcrumb":{"@id":"http:\/\/clinicadentalrojo.demo.comercios-online.com\/en\/privacy-policy\/#breadcrumb"},"inLanguage":"en-US","potentialAction":[{"@type":"ReadAction","target":["http:\/\/clinicadentalrojo.demo.comercios-online.com\/en\/privacy-policy\/"]}]},{"@type":"BreadcrumbList","@id":"http:\/\/clinicadentalrojo.demo.comercios-online.com\/en\/privacy-policy\/#breadcrumb","itemListElement":[{"@type":"ListItem","position":1,"name":"Portada","item":"http:\/\/clinicadentalrojo.demo.comercios-online.com\/en\/"},{"@type":"ListItem","position":2,"name":"Privacy Policy"}]},{"@type":"WebSite","@id":"http:\/\/clinicadentalrojo.demo.comercios-online.com\/en\/#website","url":"http:\/\/clinicadentalrojo.demo.comercios-online.com\/en\/","name":"Cl\u00ednica Dental Dr. Rojo","description":"","publisher":{"@id":"http:\/\/clinicadentalrojo.demo.comercios-online.com\/en\/#organization"},"potentialAction":[{"@type":"SearchAction","target":{"@type":"EntryPoint","urlTemplate":"http:\/\/clinicadentalrojo.demo.comercios-online.com\/en\/?s={search_term_string}"},"query-input":"required name=search_term_string"}],"inLanguage":"en-US"},{"@type":"Organization","@id":"http:\/\/clinicadentalrojo.demo.comercios-online.com\/en\/#organization","name":"Cl\u00ednica Dental Dr. Rojo","url":"http:\/\/clinicadentalrojo.demo.comercios-online.com\/en\/","logo":{"@type":"ImageObject","inLanguage":"en-US","@id":"http:\/\/clinicadentalrojo.demo.comercios-online.com\/en\/#\/schema\/logo\/image\/","url":"http:\/\/clinicadentalrojo.demo.comercios-online.com\/wp-content\/uploads\/2023\/08\/logo-mob.png","contentUrl":"http:\/\/clinicadentalrojo.demo.comercios-online.com\/wp-content\/uploads\/2023\/08\/logo-mob.png","width":602,"height":160,"caption":"Cl\u00ednica Dental Dr. Rojo"},"image":{"@id":"http:\/\/clinicadentalrojo.demo.comercios-online.com\/en\/#\/schema\/logo\/image\/"},"sameAs":["https:\/\/www.facebook.com\/clinicadentalrojo\/","https:\/\/www.instagram.com\/clinicadentalrojo\/"]}]}},"_links":{"self":[{"href":"http:\/\/clinicadentalrojo.demo.comercios-online.com\/en\/wp-json\/wp\/v2\/pages\/6938","targetHints":{"allow":["GET"]}}],"collection":[{"href":"http:\/\/clinicadentalrojo.demo.comercios-online.com\/en\/wp-json\/wp\/v2\/pages"}],"about":[{"href":"http:\/\/clinicadentalrojo.demo.comercios-online.com\/en\/wp-json\/wp\/v2\/types\/page"}],"author":[{"embeddable":true,"href":"http:\/\/clinicadentalrojo.demo.comercios-online.com\/en\/wp-json\/wp\/v2\/users\/1"}],"replies":[{"embeddable":true,"href":"http:\/\/clinicadentalrojo.demo.comercios-online.com\/en\/wp-json\/wp\/v2\/comments?post=6938"}],"version-history":[{"count":5,"href":"http:\/\/clinicadentalrojo.demo.comercios-online.com\/en\/wp-json\/wp\/v2\/pages\/6938\/revisions"}],"predecessor-version":[{"id":7092,"href":"http:\/\/clinicadentalrojo.demo.comercios-online.com\/en\/wp-json\/wp\/v2\/pages\/6938\/revisions\/7092"}],"wp:attachment":[{"href":"http:\/\/clinicadentalrojo.demo.comercios-online.com\/en\/wp-json\/wp\/v2\/media?parent=6938"}],"curies":[{"name":"wp","href":"https:\/\/api.w.org\/{rel}","templated":true}]}}